{"id":23,"date":"2026-01-05T09:02:59","date_gmt":"2026-01-05T09:02:59","guid":{"rendered":"https:\/\/fotorojo.rkinformatika.online\/?page_id=23"},"modified":"2026-01-05T15:37:32","modified_gmt":"2026-01-05T15:37:32","slug":"servicios","status":"publish","type":"page","link":"https:\/\/fotorojo.com\/en\/servicios\/","title":{"rendered":"Services"},"content":{"rendered":"<div data-elementor-type=\"wp-page\" data-elementor-id=\"23\" class=\"elementor elementor-23\" data-elementor-post-type=\"page\">\n\t\t\t\t<div class=\"elementor-element elementor-element-ee41a09 e-con-full e-flex elementor-invisible e-con e-parent\" data-id=\"ee41a09\" data-element_type=\"container\" data-e-type=\"container\" data-settings=\"{&quot;background_background&quot;:&quot;classic&quot;,&quot;animation&quot;:&quot;fadeInDown&quot;}\">\n\t\t<div class=\"elementor-element elementor-element-b164d0a e-con-full e-flex elementor-invisible e-con e-child\" data-id=\"b164d0a\" data-element_type=\"container\" data-e-type=\"container\" data-settings=\"{&quot;background_background&quot;:&quot;classic&quot;,&quot;animation&quot;:&quot;fadeIn&quot;}\">\n\t\t\t\t<div class=\"elementor-element elementor-element-cc88bd2 elementor-invisible elementor-widget elementor-widget-heading\" data-id=\"cc88bd2\" data-element_type=\"widget\" data-e-type=\"widget\" data-settings=\"{&quot;_animation&quot;:&quot;fadeInLeft&quot;}\" data-widget_type=\"heading.default\">\n\t\t\t\t\t<h2 class=\"elementor-heading-title elementor-size-default\">Servicios de fotograf\u00eda e impresi\u00f3n con calidad profesional y atenci\u00f3n personalizada<\/h2>\t\t\t\t<\/div>\n\t\t\t\t<\/div>\n\t\t\t\t<\/div>\n\t\t<div class=\"elementor-element elementor-element-0df1a83 e-flex e-con-boxed elementor-invisible e-con e-parent\" data-id=\"0df1a83\" data-element_type=\"container\" data-e-type=\"container\" data-settings=\"{&quot;animation&quot;:&quot;fadeInDown&quot;}\">\n\t\t\t\t\t<div class=\"e-con-inner\">\n\t\t\t\t<div class=\"elementor-element elementor-element-d8fc99e elementor-widget elementor-widget-heading\" data-id=\"d8fc99e\" data-element_type=\"widget\" data-e-type=\"widget\" data-widget_type=\"heading.default\">\n\t\t\t\t\t<h2 class=\"elementor-heading-title elementor-size-default\">Productos y Servicios<\/h2>\t\t\t\t<\/div>\n\t\t\t\t\t<\/div>\n\t\t\t\t<\/div>\n\t\t<div class=\"elementor-element elementor-element-60d2d12 e-flex e-con-boxed e-con e-parent\" data-id=\"60d2d12\" data-element_type=\"container\" data-e-type=\"container\">\n\t\t\t\t\t<div class=\"e-con-inner\">\n\t\t<div class=\"elementor-element elementor-element-fd9de15 e-con-full e-flex e-con e-child\" data-id=\"fd9de15\" data-element_type=\"container\" data-e-type=\"container\">\n\t\t<div class=\"elementor-element elementor-element-d9cf1ba e-con-full e-flex elementor-invisible e-con e-child\" data-id=\"d9cf1ba\" data-element_type=\"container\" data-e-type=\"container\" data-settings=\"{&quot;animation&quot;:&quot;fadeInLeft&quot;}\">\n\t\t\t\t<div class=\"elementor-element elementor-element-4e9d90c elementor-widget elementor-widget-text-editor\" data-id=\"4e9d90c\" data-element_type=\"widget\" data-e-type=\"widget\" data-widget_type=\"text-editor.default\">\n\t\t\t\t\t\t\t\t\t<ul><li data-start=\"439\" data-end=\"467\"><p data-start=\"441\" data-end=\"467\">Impresi\u00f3n de fotograf\u00edas<\/p><\/li><\/ul>\t\t\t\t\t\t\t\t<\/div>\n\t\t\t\t<\/div>\n\t\t\t\t<\/div>\n\t\t<div class=\"elementor-element elementor-element-6a42b3e e-con-full e-flex e-con e-child\" data-id=\"6a42b3e\" data-element_type=\"container\" data-e-type=\"container\">\n\t\t<div class=\"elementor-element elementor-element-fd7e0f8 e-con-full e-flex elementor-invisible e-con e-child\" data-id=\"fd7e0f8\" data-element_type=\"container\" data-e-type=\"container\" data-settings=\"{&quot;animation&quot;:&quot;fadeInRight&quot;}\">\n\t\t\t\t<div class=\"elementor-element elementor-element-21773bb elementor-widget elementor-widget-text-editor\" data-id=\"21773bb\" data-element_type=\"widget\" data-e-type=\"widget\" data-widget_type=\"text-editor.default\">\n\t\t\t\t\t\t\t\t\t<ul><li data-start=\"468\" data-end=\"487\"><p data-start=\"470\" data-end=\"487\">Fotos de carnet<\/p><\/li><\/ul>\t\t\t\t\t\t\t\t<\/div>\n\t\t\t\t<\/div>\n\t\t\t\t<\/div>\n\t\t<div class=\"elementor-element elementor-element-386f6b5 e-con-full e-flex e-con e-child\" data-id=\"386f6b5\" data-element_type=\"container\" data-e-type=\"container\">\n\t\t<div class=\"elementor-element elementor-element-5340661 e-con-full e-flex elementor-invisible e-con e-child\" data-id=\"5340661\" data-element_type=\"container\" data-e-type=\"container\" data-settings=\"{&quot;animation&quot;:&quot;fadeInLeft&quot;}\">\n\t\t\t\t<div class=\"elementor-element elementor-element-1bed5ff elementor-widget elementor-widget-text-editor\" data-id=\"1bed5ff\" data-element_type=\"widget\" data-e-type=\"widget\" data-widget_type=\"text-editor.default\">\n\t\t\t\t\t\t\t\t\t<ul><li data-start=\"488\" data-end=\"502\"><p data-start=\"490\" data-end=\"502\">Fotocopias<\/p><\/li><\/ul>\t\t\t\t\t\t\t\t<\/div>\n\t\t\t\t<\/div>\n\t\t\t\t<\/div>\n\t\t<div class=\"elementor-element elementor-element-8fbac9b e-con-full e-flex elementor-invisible e-con e-child\" data-id=\"8fbac9b\" data-element_type=\"container\" data-e-type=\"container\" data-settings=\"{&quot;animation&quot;:&quot;fadeInRight&quot;}\">\n\t\t<div class=\"elementor-element elementor-element-e3679a4 e-con-full e-flex elementor-invisible e-con e-child\" data-id=\"e3679a4\" data-element_type=\"container\" data-e-type=\"container\" data-settings=\"{&quot;animation&quot;:&quot;fadeInRight&quot;}\">\n\t\t\t\t<div class=\"elementor-element elementor-element-5a68a2e elementor-widget elementor-widget-text-editor\" data-id=\"5a68a2e\" data-element_type=\"widget\" data-e-type=\"widget\" data-widget_type=\"text-editor.default\">\n\t\t\t\t\t\t\t\t\t<ul><li data-start=\"503\" data-end=\"521\"><p data-start=\"505\" data-end=\"521\">Dise\u00f1o gr\u00e1fico<\/p><\/li><\/ul>\t\t\t\t\t\t\t\t<\/div>\n\t\t\t\t<\/div>\n\t\t\t\t<\/div>\n\t\t<div class=\"elementor-element elementor-element-2d92007 e-con-full e-flex elementor-invisible e-con e-child\" data-id=\"2d92007\" data-element_type=\"container\" data-e-type=\"container\" data-settings=\"{&quot;animation&quot;:&quot;fadeInLeft&quot;}\">\n\t\t<div class=\"elementor-element elementor-element-ac11df2 e-con-full e-flex elementor-invisible e-con e-child\" data-id=\"ac11df2\" data-element_type=\"container\" data-e-type=\"container\" data-settings=\"{&quot;animation&quot;:&quot;fadeInRight&quot;}\">\n\t\t\t\t<div class=\"elementor-element elementor-element-633585c elementor-widget elementor-widget-text-editor\" data-id=\"633585c\" data-element_type=\"widget\" data-e-type=\"widget\" data-widget_type=\"text-editor.default\">\n\t\t\t\t\t\t\t\t\t<ul><li>Art\u00edculos relacionados con la fotograf\u00eda<\/li><\/ul>\t\t\t\t\t\t\t\t<\/div>\n\t\t\t\t<\/div>\n\t\t\t\t<\/div>\n\t\t<div class=\"elementor-element elementor-element-350bd44 e-con-full e-flex elementor-invisible e-con e-child\" data-id=\"350bd44\" data-element_type=\"container\" data-e-type=\"container\" data-settings=\"{&quot;animation&quot;:&quot;fadeInRight&quot;}\">\n\t\t<div class=\"elementor-element elementor-element-c65dd72 e-con-full e-flex elementor-invisible e-con e-child\" data-id=\"c65dd72\" data-element_type=\"container\" data-e-type=\"container\" data-settings=\"{&quot;animation&quot;:&quot;fadeInRight&quot;}\">\n\t\t\t\t<div class=\"elementor-element elementor-element-763e5b0 elementor-widget elementor-widget-text-editor\" data-id=\"763e5b0\" data-element_type=\"widget\" data-e-type=\"widget\" data-widget_type=\"text-editor.default\">\n\t\t\t\t\t\t\t\t\t<ul><li>Venta de marcos<\/li><\/ul>\t\t\t\t\t\t\t\t<\/div>\n\t\t\t\t<\/div>\n\t\t\t\t<\/div>\n\t\t\t\t\t<\/div>\n\t\t\t\t<\/div>\n\t\t<div class=\"elementor-element elementor-element-e16dd40 e-con-full e-flex e-con e-parent\" data-id=\"e16dd40\" data-element_type=\"container\" data-e-type=\"container\" data-settings=\"{&quot;background_background&quot;:&quot;classic&quot;}\">\n\t\t\t\t<div class=\"elementor-element elementor-element-ce0f19b elementor-cta--skin-cover elementor-animated-content elementor-bg-transform elementor-bg-transform-zoom-in elementor-widget elementor-widget-call-to-action\" data-id=\"ce0f19b\" data-element_type=\"widget\" data-e-type=\"widget\" data-widget_type=\"call-to-action.default\">\n\t\t\t\t\t\t\t<div class=\"elementor-cta\">\n\t\t\t\t\t<div class=\"elementor-cta__bg-wrapper\">\n\t\t\t\t<div class=\"elementor-cta__bg elementor-bg\" style=\"background-image: url(https:\/\/fotorojo.com\/wp-content\/uploads\/2026\/01\/2149894056-1024x683.jpg);\" role=\"img\" aria-label=\"2149894056\"><\/div>\n\t\t\t\t<div class=\"elementor-cta__bg-overlay\"><\/div>\n\t\t\t<\/div>\n\t\t\t\t\t\t\t<div class=\"elementor-cta__content\">\n\t\t\t\t\n\t\t\t\t\t\t\t\t\t<h2 class=\"elementor-cta__title elementor-cta__content-item elementor-content-item elementor-animated-item--grow\">\n\t\t\t\t\t\tConf\u00eda en profesionales para dar forma a tus ideas e im\u00e1genes.\t\t\t\t\t<\/h2>\n\t\t\t\t\n\t\t\t\t\n\t\t\t\t\t\t\t\t\t<div class=\"elementor-cta__button-wrapper elementor-cta__content-item elementor-content-item elementor-animated-item--grow\">\n\t\t\t\t\t<a class=\"elementor-cta__button elementor-button elementor-size-\" href=\"https:\/\/fotorojo.com\/en\/contacto\/\">\n\t\t\t\t\t\tContactos\t\t\t\t\t<\/a>\n\t\t\t\t\t<\/div>\n\t\t\t\t\t\t\t<\/div>\n\t\t\t\t\t\t<\/div>\n\t\t\t\t\t\t<\/div>\n\t\t\t\t<\/div>\n\t\t\t\t<\/div>","protected":false},"excerpt":{"rendered":"<p>Servicios de fotograf\u00eda e impresi\u00f3n con calidad profesional y atenci\u00f3n personalizada Productos y Servicios Impresi\u00f3n de fotograf\u00edas Fotos de carnet Fotocopias Dise\u00f1o gr\u00e1fico Art\u00edculos relacionados con la fotograf\u00eda Venta de marcos Conf\u00eda en profesionales para dar forma a tus ideas e im\u00e1genes. Contactos<\/p>","protected":false},"author":1,"featured_media":0,"parent":0,"menu_order":0,"comment_status":"closed","ping_status":"closed","template":"elementor_canvas","meta":{"footnotes":""},"class_list":["post-23","page","type-page","status-publish","hentry"],"yoast_head":"<!-- This site is optimized with the Yoast SEO plugin v27.3 - https:\/\/yoast.com\/product\/yoast-seo-wordpress\/ -->\n<title>Servicios - Foto Rojo<\/title>\n<meta name=\"robots\" content=\"index, follow, max-snippet:-1, max-image-preview:large, max-video-preview:-1\" \/>\n<link rel=\"canonical\" href=\"https:\/\/fotorojo.com\/en\/servicios\/\" \/>\n<meta property=\"og:locale\" content=\"en_GB\" \/>\n<meta property=\"og:type\" content=\"article\" \/>\n<meta property=\"og:title\" content=\"Servicios - Foto Rojo\" \/>\n<meta property=\"og:description\" content=\"Servicios de fotograf\u00eda e impresi\u00f3n con calidad profesional y atenci\u00f3n personalizada Productos y Servicios Impresi\u00f3n de fotograf\u00edas Fotos de carnet Fotocopias Dise\u00f1o gr\u00e1fico Art\u00edculos relacionados con la fotograf\u00eda Venta de marcos Conf\u00eda en profesionales para dar forma a tus ideas e im\u00e1genes. Contactos\" \/>\n<meta property=\"og:url\" content=\"https:\/\/fotorojo.com\/en\/servicios\/\" \/>\n<meta property=\"og:site_name\" content=\"Foto Rojo\" \/>\n<meta property=\"article:modified_time\" content=\"2026-01-05T15:37:32+00:00\" \/>\n<meta name=\"twitter:card\" content=\"summary_large_image\" \/>\n<meta name=\"twitter:label1\" content=\"Estimated reading time\" \/>\n\t<meta name=\"twitter:data1\" content=\"1 minute\" \/>\n<script type=\"application\/ld+json\" class=\"yoast-schema-graph\">{\"@context\":\"https:\\\/\\\/schema.org\",\"@graph\":[{\"@type\":\"WebPage\",\"@id\":\"https:\\\/\\\/fotorojo.com\\\/servicios\\\/\",\"url\":\"https:\\\/\\\/fotorojo.com\\\/servicios\\\/\",\"name\":\"Servicios - Foto Rojo\",\"isPartOf\":{\"@id\":\"https:\\\/\\\/fotorojo.com\\\/#website\"},\"datePublished\":\"2026-01-05T09:02:59+00:00\",\"dateModified\":\"2026-01-05T15:37:32+00:00\",\"breadcrumb\":{\"@id\":\"https:\\\/\\\/fotorojo.com\\\/servicios\\\/#breadcrumb\"},\"inLanguage\":\"en-GB\",\"potentialAction\":[{\"@type\":\"ReadAction\",\"target\":[\"https:\\\/\\\/fotorojo.com\\\/servicios\\\/\"]}]},{\"@type\":\"BreadcrumbList\",\"@id\":\"https:\\\/\\\/fotorojo.com\\\/servicios\\\/#breadcrumb\",\"itemListElement\":[{\"@type\":\"ListItem\",\"position\":1,\"name\":\"Portada\",\"item\":\"https:\\\/\\\/fotorojo.com\\\/\"},{\"@type\":\"ListItem\",\"position\":2,\"name\":\"Servicios\"}]},{\"@type\":\"WebSite\",\"@id\":\"https:\\\/\\\/fotorojo.com\\\/#website\",\"url\":\"https:\\\/\\\/fotorojo.com\\\/\",\"name\":\"Foto Rojo\",\"description\":\"Fotograf\u00eda e impresi\u00f3n \",\"publisher\":{\"@id\":\"https:\\\/\\\/fotorojo.com\\\/#organization\"},\"potentialAction\":[{\"@type\":\"SearchAction\",\"target\":{\"@type\":\"EntryPoint\",\"urlTemplate\":\"https:\\\/\\\/fotorojo.com\\\/?s={search_term_string}\"},\"query-input\":{\"@type\":\"PropertyValueSpecification\",\"valueRequired\":true,\"valueName\":\"search_term_string\"}}],\"inLanguage\":\"en-GB\"},{\"@type\":\"Organization\",\"@id\":\"https:\\\/\\\/fotorojo.com\\\/#organization\",\"name\":\"Foto Rojo\",\"url\":\"https:\\\/\\\/fotorojo.com\\\/\",\"logo\":{\"@type\":\"ImageObject\",\"inLanguage\":\"en-GB\",\"@id\":\"https:\\\/\\\/fotorojo.com\\\/#\\\/schema\\\/logo\\\/image\\\/\",\"url\":\"https:\\\/\\\/fotorojo.com\\\/wp-content\\\/uploads\\\/2026\\\/01\\\/cropped-LOGO-Foto-Rojo-scaled-1.png\",\"contentUrl\":\"https:\\\/\\\/fotorojo.com\\\/wp-content\\\/uploads\\\/2026\\\/01\\\/cropped-LOGO-Foto-Rojo-scaled-1.png\",\"width\":1707,\"height\":1715,\"caption\":\"Foto Rojo\"},\"image\":{\"@id\":\"https:\\\/\\\/fotorojo.com\\\/#\\\/schema\\\/logo\\\/image\\\/\"}}]}<\/script>\n<!-- \/ Yoast SEO plugin. -->","yoast_head_json":{"title":"Servicios - Foto Rojo","robots":{"index":"index","follow":"follow","max-snippet":"max-snippet:-1","max-image-preview":"max-image-preview:large","max-video-preview":"max-video-preview:-1"},"canonical":"https:\/\/fotorojo.com\/en\/servicios\/","og_locale":"en_GB","og_type":"article","og_title":"Servicios - Foto Rojo","og_description":"Servicios de fotograf\u00eda e impresi\u00f3n con calidad profesional y atenci\u00f3n personalizada Productos y Servicios Impresi\u00f3n de fotograf\u00edas Fotos de carnet Fotocopias Dise\u00f1o gr\u00e1fico Art\u00edculos relacionados con la fotograf\u00eda Venta de marcos Conf\u00eda en profesionales para dar forma a tus ideas e im\u00e1genes. Contactos","og_url":"https:\/\/fotorojo.com\/en\/servicios\/","og_site_name":"Foto Rojo","article_modified_time":"2026-01-05T15:37:32+00:00","twitter_card":"summary_large_image","twitter_misc":{"Estimated reading time":"1 minute"},"schema":{"@context":"https:\/\/schema.org","@graph":[{"@type":"WebPage","@id":"https:\/\/fotorojo.com\/servicios\/","url":"https:\/\/fotorojo.com\/servicios\/","name":"Servicios - Foto Rojo","isPartOf":{"@id":"https:\/\/fotorojo.com\/#website"},"datePublished":"2026-01-05T09:02:59+00:00","dateModified":"2026-01-05T15:37:32+00:00","breadcrumb":{"@id":"https:\/\/fotorojo.com\/servicios\/#breadcrumb"},"inLanguage":"en-GB","potentialAction":[{"@type":"ReadAction","target":["https:\/\/fotorojo.com\/servicios\/"]}]},{"@type":"BreadcrumbList","@id":"https:\/\/fotorojo.com\/servicios\/#breadcrumb","itemListElement":[{"@type":"ListItem","position":1,"name":"Portada","item":"https:\/\/fotorojo.com\/"},{"@type":"ListItem","position":2,"name":"Servicios"}]},{"@type":"WebSite","@id":"https:\/\/fotorojo.com\/#website","url":"https:\/\/fotorojo.com\/","name":"Foto Rojo","description":"Fotograf\u00eda e impresi\u00f3n","publisher":{"@id":"https:\/\/fotorojo.com\/#organization"},"potentialAction":[{"@type":"SearchAction","target":{"@type":"EntryPoint","urlTemplate":"https:\/\/fotorojo.com\/?s={search_term_string}"},"query-input":{"@type":"PropertyValueSpecification","valueRequired":true,"valueName":"search_term_string"}}],"inLanguage":"en-GB"},{"@type":"Organization","@id":"https:\/\/fotorojo.com\/#organization","name":"Foto Rojo","url":"https:\/\/fotorojo.com\/","logo":{"@type":"ImageObject","inLanguage":"en-GB","@id":"https:\/\/fotorojo.com\/#\/schema\/logo\/image\/","url":"https:\/\/fotorojo.com\/wp-content\/uploads\/2026\/01\/cropped-LOGO-Foto-Rojo-scaled-1.png","contentUrl":"https:\/\/fotorojo.com\/wp-content\/uploads\/2026\/01\/cropped-LOGO-Foto-Rojo-scaled-1.png","width":1707,"height":1715,"caption":"Foto Rojo"},"image":{"@id":"https:\/\/fotorojo.com\/#\/schema\/logo\/image\/"}}]}},"_links":{"self":[{"href":"https:\/\/fotorojo.com\/en\/wp-json\/wp\/v2\/pages\/23","targetHints":{"allow":["GET"]}}],"collection":[{"href":"https:\/\/fotorojo.com\/en\/wp-json\/wp\/v2\/pages"}],"about":[{"href":"https:\/\/fotorojo.com\/en\/wp-json\/wp\/v2\/types\/page"}],"author":[{"embeddable":true,"href":"https:\/\/fotorojo.com\/en\/wp-json\/wp\/v2\/users\/1"}],"replies":[{"embeddable":true,"href":"https:\/\/fotorojo.com\/en\/wp-json\/wp\/v2\/comments?post=23"}],"version-history":[{"count":40,"href":"https:\/\/fotorojo.com\/en\/wp-json\/wp\/v2\/pages\/23\/revisions"}],"predecessor-version":[{"id":216,"href":"https:\/\/fotorojo.com\/en\/wp-json\/wp\/v2\/pages\/23\/revisions\/216"}],"wp:attachment":[{"href":"https:\/\/fotorojo.com\/en\/wp-json\/wp\/v2\/media?parent=23"}],"curies":[{"name":"wp","href":"https:\/\/api.w.org\/{rel}","templated":true}]}}